{"id":141,"date":"2019-07-08T01:59:03","date_gmt":"2019-07-08T05:59:03","guid":{"rendered":"https:\/\/joseetellier.com\/?page_id=141"},"modified":"2022-11-09T19:53:14","modified_gmt":"2022-11-10T00:53:14","slug":"a-propos-about","status":"publish","type":"page","link":"https:\/\/joseetellier.com\/?page_id=141","title":{"rendered":"A propos \/ About"},"content":{"rendered":"<p><strong>&nbsp;&nbsp;&nbsp;&nbsp;&nbsp;&nbsp;&nbsp;&nbsp;&nbsp;&nbsp;&nbsp;&nbsp;&nbsp;&nbsp;&nbsp;&nbsp;&nbsp;&nbsp;&nbsp;&nbsp;&nbsp;&nbsp;&nbsp;&nbsp;&nbsp;&nbsp;&nbsp;&nbsp;&nbsp;&nbsp;&nbsp;&nbsp;&nbsp;&nbsp;&nbsp;&nbsp;&nbsp;&nbsp;&nbsp;&nbsp;&nbsp;&nbsp;&nbsp;&nbsp;&nbsp;&nbsp;&nbsp;&nbsp;&nbsp;&nbsp;&nbsp;&nbsp;&nbsp;&nbsp;&nbsp;&nbsp;&nbsp;&nbsp;<\/strong><\/p>\n<p><span style=\"color: #00ffff;\">English will follow<\/span><\/p>\n<p style=\"text-align: center;\"><strong> D\u00e9marche artistique<\/strong><\/p>\n<p><strong><em>Enfant, je voyais mon p\u00e8re dessiner des&nbsp; plans de maisons. Cela <\/em>expl<\/strong>i<strong>que<em> peut-\u00eatre ma fascination pour celles-ci. Que ce soit&nbsp; par amour de la beaut\u00e9, par soucis de se rappeler ou rendre hommage \u00e0 notre patrimoine b\u00e2ti, toutes les raisons sont un bon pr\u00e9texte pour partir \u00e0 la chasse aux endroits riches en souvenirs. Je prends donc le temps de faire des journ\u00e9es photos pour collectionner les sujets aux d\u00e9tours des chemins moins connus.<\/em><\/strong><\/p>\n<p>&nbsp;<\/p>\n<p><em><strong>&nbsp; &nbsp; &nbsp; &nbsp;&nbsp; Quand des probl\u00e8mes de sant\u00e9 ont commenc\u00e9 \u00e0 affecter ma pratique du violon, il a \u00e9t\u00e9 \u00e9vident que les arts resteraient mon champ d\u2019activit\u00e9. J\u2019avais pris des cours de sculpture \u00e0 l\u2019adolescence et la manipulation de bois, sa texture, ses fibres m\u2019attiraient. J\u2019ai longuement song\u00e9 au retour aux \u00e9tudes en \u00e9b\u00e9nisterie. Pendant ce temps, des petits projets et la fabrication de certains de mes meubles me permettaient de combler en partie ce besoin mais\u2026 il manquait quelque chose : la couleur! Comme j\u2019avais fait les arts plastiques au secondaire et que j\u2019ai toujours eu des crayons et des pastels depuis ma tendre enfance, il a \u00e9t\u00e9 tout aussi naturel que je me tourne vers des cours structur\u00e9s de peinture avec des professionnels. J\u2019ignorais que ma vie allait changer\u2026 la violoniste \u00e9tait devenue peintre \u00e0 temps plein. Mes 35 ans pass\u00e9s au sein des orchestres symphoniques ont engendr\u00e9 des images et des \u00e9motions. C&rsquo;est donc entour\u00e9e de musique classique que je peins et que ces \u00e9motions alimentent mes heures pass\u00e9es en atelier.<\/strong><\/em><\/p>\n<p>&nbsp;<\/p>\n<p><em><strong>&nbsp;&nbsp;&nbsp;&nbsp;&nbsp;&nbsp; Rendre d\u2019abord hommage \u00e0 ma r\u00e9gion, ma province, mon pays,&nbsp; est ce qui me motive actuellement. Ensuite, ma fantaisie me permet, si besoin est,&nbsp; de re-situer dans un paysage, une maison, avec ou sans personnage. Cependant, quand c\u2019est possible, je me renseigne sur l\u2019histoire des b\u00e2timents et parfois, j\u2019ai le bonheur de rencontrer les propri\u00e9taires pour glaner des anecdotes se rapportant aux maisons ou aux lieux visit\u00e9s. Dans ces cas, cela donne une autre dimension \u00e0 mon travail car, connaissant certains d\u00e9tails les concernant, les \u00e9motions qui m\u2019habitent lors de la cr\u00e9ation d\u2019une \u0153uvre peuvent \u00eatre tr\u00e8s vari\u00e9es et influencent l\u2019atmosph\u00e8re qui en ressortira ou les \u00e9l\u00e9ments que j\u2019y ajouterai. Je raconte alors une histoire qui n&rsquo;a pas d&rsquo;\u00e2ge.<\/strong><\/em><\/p>\n<p>&nbsp;<\/p>\n<p><em><strong>&nbsp; &nbsp; &nbsp; C\u2019est ainsi que la peinture &nbsp;&nbsp;a remplac\u00e9 graduellement le violon. Mais il manque encore quelque chose!&#8230; Les trois dimensions que procure la sculpture\u2026 L&rsquo;utilisation de texture, granul\u00e9 ou p\u00e2te \u00e0 modeler a donc fait sont entr\u00e9e dans mon travail. Ces m\u00e9diums ne sont pas install\u00e9s de fa\u00e7on al\u00e9atoire. Mon p\u00e8re ayant fait&nbsp; une partie de ses \u00e9tudes en architecture, il a fait ses propres plans de maison. Ce c\u00f4t\u00e9 \u2018plans et math\u00e9matiques\u2019 qu\u2019il ma transmis m\u2019a permis de faire de m\u00eame avec mes propres maisons. J\u2019ai toujours particip\u00e9 \u00e0 tous les travaux de menuiserie et d\u2019ing\u00e9nierie de construction ou de dessin de meubles comme mentionn\u00e9 pr\u00e9c\u00e9demment. Il est donc facile de comprendre que les belles et vieilles demeures fassent partie de mes th\u00e8mes de pr\u00e9dilection. Elles sont un sujet id\u00e9al pour y transposer de la texture sur les diff\u00e9rents \u00e9l\u00e9ments architecturaux.&nbsp;<\/strong><\/em><\/p>\n<p>&nbsp;<\/p>\n<p><em><strong>&nbsp;&nbsp;&nbsp;&nbsp;&nbsp; Ce patrimoine b\u00e2ti que j\u2019affectionne me permet donc d\u2019int\u00e9grer du vitrail, d\u2019o\u00f9 un int\u00e9ressant jeu de lumi\u00e8re et d\u2019effet 3D. Cette fa\u00e7on de faire donne une deuxi\u00e8me vie \u00e0 la toile \u00e0 la p\u00e9nombre car l\u2019effet du rebond de la lumi\u00e8re &nbsp;donne l\u2019impression qu\u2019on allume le tableau de l\u2019int\u00e9rieur. Le choix des diff\u00e9rents types de vitrail et son positionnement dans le tableau se fait aussi apr\u00e8s mure r\u00e9flexion pour servir le tableau. &nbsp;Mentionnons l\u2019utilisation d\u2019outils pour percer, d\u00e9couper, sabler ou sculpter le bois. Chaque \u0153uvre devient ainsi un d\u00e9fi et une cr\u00e9ation complexe alliant diff\u00e9rents corps de m\u00e9tier &nbsp;puisque je la con\u00e7ois comme une sculpture en bas-relief gr\u00e2ce au bois et aux diff\u00e9rents mat\u00e9riaux de textures. &nbsp;J\u2019ai fait ainsi la synth\u00e8se de mon go\u00fbt des travaux manuels employant le bois, le modelage, l\u2019utilisation de la couleur et ma fascination enfantine de la lumi\u00e8re&nbsp; qui reluit ou brille sur les surfaces. Mon coeur d&rsquo;enfant se rappelle alors les balades en automobile, les soir\u00e9es d&rsquo;hiver \u00e0 l&rsquo;approche de No\u00ebl. Les d\u00e9corations, les lumi\u00e8res et certaines fen\u00eatres dont on avait oubli\u00e9 de fermer les rideaux. Avec mon fr\u00e8re et ma soeur, nous \u00e9tions tout excit\u00e9 \u00e0 observer ces fen\u00eatres et&nbsp; inventer toutes sortes d&rsquo;histoires sur les habitants. Notre imagination \u00e9tait sans bornes.<\/strong><\/em><\/p>\n<p>&nbsp;<\/p>\n<p><span style=\"color: #00ffff;\"><strong>Gold medallist of Paris Acad\u00e9mie Arts Sciences et Lettres, Officer of Mondial Art Academia and Acad\u00e9mie Internationale des Beaux Arts du Qu\u00e9bec academician, she has received numerous national and international awards from both the jury and the public and is represented by several major galleries in Quebec. She has numerous solo, group and symposium exhibitions to her credit. Her paintings can be found in public, corporate and private collections in Canada, the United States, France, China and Spain.<\/strong><\/span><\/p>\n<p><span style=\"color: #00ffff;\"><strong>The uniqueness of her work resides in a technique of &nbsp;bas-relief with combination of stained glass. Working on wood, the use of tools, glass and various materials allows her to model and sculpt the Canadian architectural heritage that she wants to make joyful using bright colors: a classic approach but rejuvenated by modern materials and a colorful vision of naive tendency.<\/strong><\/span><\/p>\n<p>&nbsp;<\/p>\n<p>&nbsp;<\/p>\n<p>&nbsp;<\/p>\n<p><strong>&nbsp;&nbsp;&nbsp;&nbsp;&nbsp;&nbsp;&nbsp;&nbsp;&nbsp;&nbsp;&nbsp;&nbsp;&nbsp;&nbsp;&nbsp;&nbsp;&nbsp;&nbsp;&nbsp;&nbsp;&nbsp;&nbsp;&nbsp;&nbsp;&nbsp;&nbsp;&nbsp;&nbsp;&nbsp;&nbsp;&nbsp;&nbsp;&nbsp;&nbsp;&nbsp;&nbsp;&nbsp;&nbsp;&nbsp;&nbsp;&nbsp;&nbsp;&nbsp;&nbsp;&nbsp;<\/strong><\/p>\n","protected":false},"excerpt":{"rendered":"<p>&nbsp;&nbsp;&nbsp;&nbsp;&nbsp;&nbsp;&nbsp;&nbsp;&nbsp;&nbsp;&nbsp;&nbsp;&nbsp;&nbsp;&nbsp;&nbsp;&nbsp;&nbsp;&nbsp;&nbsp;&nbsp;&nbsp;&nbsp;&nbsp;&nbsp;&nbsp;&nbsp;&nbsp;&nbsp;&nbsp;&nbsp;&nbsp;&nbsp;&nbsp;&nbsp;&nbsp;&nbsp;&nbsp;&nbsp;&nbsp;&nbsp;&nbsp;&nbsp;&nbsp;&nbsp;&nbsp;&nbsp;&nbsp;&nbsp;&nbsp;&nbsp;&nbsp;&nbsp;&nbsp;&nbsp;&nbsp;&nbsp;&nbsp; English will follow D\u00e9marche artistique Enfant, je voyais mon p\u00e8re dessiner des&nbsp; plans de maisons. Cela explique peut-\u00eatre ma fascination pour celles-ci. Que ce soit&nbsp; par amour de la beaut\u00e9, par soucis de se rappeler ou rendre hommage \u00e0 notre patrimoine b\u00e2ti, toutes les raisons sont un bon pr\u00e9texte pour partir \u00e0 la chasse &hellip; <\/p>\n<p class=\"link-more\"><a href=\"https:\/\/joseetellier.com\/?page_id=141\" class=\"more-link\">Continuer la lecture<span class=\"screen-reader-text\"> de &laquo;&nbsp;A propos \/ About&nbsp;&raquo;<\/span><\/a><\/p>\n","protected":false},"author":1,"featured_media":0,"parent":0,"menu_order":0,"comment_status":"closed","ping_status":"closed","template":"","meta":{"ngg_post_thumbnail":0,"footnotes":""},"_links":{"self":[{"href":"https:\/\/joseetellier.com\/index.php?rest_route=\/wp\/v2\/pages\/141"}],"collection":[{"href":"https:\/\/joseetellier.com\/index.php?rest_route=\/wp\/v2\/pages"}],"about":[{"href":"https:\/\/joseetellier.com\/index.php?rest_route=\/wp\/v2\/types\/page"}],"author":[{"embeddable":true,"href":"https:\/\/joseetellier.com\/index.php?rest_route=\/wp\/v2\/users\/1"}],"replies":[{"embeddable":true,"href":"https:\/\/joseetellier.com\/index.php?rest_route=%2Fwp%2Fv2%2Fcomments&post=141"}],"version-history":[{"count":8,"href":"https:\/\/joseetellier.com\/index.php?rest_route=\/wp\/v2\/pages\/141\/revisions"}],"predecessor-version":[{"id":1015,"href":"https:\/\/joseetellier.com\/index.php?rest_route=\/wp\/v2\/pages\/141\/revisions\/1015"}],"wp:attachment":[{"href":"https:\/\/joseetellier.com\/index.php?rest_route=%2Fwp%2Fv2%2Fmedia&parent=141"}],"curies":[{"name":"wp","href":"https:\/\/api.w.org\/{rel}","templated":true}]}}