{"id":224,"date":"2019-07-12T01:18:05","date_gmt":"2019-07-12T05:18:05","guid":{"rendered":"https:\/\/joseetellier.com\/?page_id=224"},"modified":"2024-07-08T22:12:54","modified_gmt":"2024-07-09T02:12:54","slug":"qui-suis-je","status":"publish","type":"page","link":"https:\/\/joseetellier.com\/?page_id=224","title":{"rendered":"Qui suis-je \/ Who I am"},"content":{"rendered":"<p>&nbsp;&nbsp;&nbsp;&nbsp;&nbsp;&nbsp;&nbsp;&nbsp;&nbsp;&nbsp;&nbsp;&nbsp;&nbsp;&nbsp;&nbsp;&nbsp;&nbsp;&nbsp;&nbsp;&nbsp;&nbsp;&nbsp;&nbsp;&nbsp;&nbsp;&nbsp;&nbsp;&nbsp;&nbsp;&nbsp;&nbsp;&nbsp;&nbsp;&nbsp;&nbsp;&nbsp;&nbsp;&nbsp;&nbsp;&nbsp;&nbsp; <em><strong>QUI SUIS-JE? ,&nbsp; MON HISTOIRE\u2026<\/strong><\/em><\/p>\n<p><em><strong>&nbsp;&nbsp;&nbsp;&nbsp;&nbsp;&nbsp;&nbsp;&nbsp;&nbsp;&nbsp;&nbsp; Je faisais carri\u00e8re comme violoniste d\u2019orchestre lorsque des probl\u00e8mes de sant\u00e9 suivis d\u2019un accident de v\u00e9lo m\u2019ont forc\u00e9&nbsp;\u00e0 mettre mon violon sur la glace. D\u00e8s lors, je suis revenue \u00e0 mes premi\u00e8res amours.<\/strong><\/em><\/p>\n<p><em><strong>&nbsp;&nbsp;&nbsp;&nbsp;&nbsp;&nbsp;&nbsp;&nbsp;&nbsp;&nbsp;&nbsp;<\/strong><\/em><\/p>\n<p><em><strong>&nbsp;&nbsp;&nbsp;&nbsp;&nbsp;&nbsp;&nbsp;&nbsp;&nbsp;&nbsp;&nbsp;&nbsp; En effet, toute jeune, j\u2019avais une tante qui cohabitait avec une artiste peintre professionnelle, Marie-Suzanne Samson. Lorsque mes parents nous amenaient en visite, j\u2019avais les yeux grands \u00e9carquill\u00e9s d\u2019\u00e9merveillement devant cette artiste \u00e0 l\u2019\u0153uvre. Quand l\u2019occasion se pr\u00e9sentait, j\u2019apportais mes dessins pour les lui montrer. Ce furent mes premiers conseils re\u00e7us. Pouvez-vous imaginer plus beau cadeau pour mes 6 ans que de recevoir une \u0153uvre cr\u00e9\u00e9e juste pour moi! Au secondaire, je faisais les arts plastiques en m\u00eame temps que mes \u00e9tudes de violon au conservatoire. Un choix d\u00e9chirant a \u00e9t\u00e9 fait quand fut venu le temps de choisir une carri\u00e8re.&nbsp; Je suis dipl\u00f4m\u00e9e en interpr\u00e9tation avec distinction de l\u2019Universit\u00e9 McGill et j\u2019ai \u0153uvr\u00e9 au sein d\u2019orchestres symphoniques professionnels. Mais, il manquait quelque chose\u2026<\/strong><\/em><\/p>\n<p><em><strong>&nbsp;&nbsp;&nbsp;&nbsp;&nbsp;&nbsp;&nbsp;&nbsp;&nbsp;&nbsp;&nbsp;<\/strong><\/em><\/p>\n<p><em><strong>&nbsp;&nbsp;&nbsp;&nbsp;&nbsp;&nbsp;&nbsp; En 2005, je pris mes premiers cours avec Mme Marcelle Simard-Dupuis et plus tard avec Mme Ursula Kohfah-Lampron.&nbsp; Apr\u00e8s 30 ans d\u2019orchestre, j\u2019avais un peu perdu cette impression d\u2019\u00e9merveillement, ce WOW! qu\u2019on ressent en d\u00e9but de carri\u00e8re quand on interpr\u00e8te une symphonie pour la premi\u00e8re fois, ce m\u00eame WOW! qui montait de mes tripes quand je regardais peindre Marie-Suzanne. C\u2019est la raison pour laquelle j\u2019ai pris ce fameux premier cours de peinture. Je partais pour la Place des Arts avec mes tubes de peinture et mon violon \u00e0 mes cours d\u2019art. Dans la m\u00eame journ\u00e9e, je portais les deux chapeaux. Vous comprendrez&nbsp; que mon accident fut finalement heureux et cette nouvelle carri\u00e8re s\u2019est impos\u00e9e d\u2019elle-m\u00eame.<\/strong><\/em><\/p>\n<p>&nbsp;<\/p>\n<p>&nbsp;&nbsp;&nbsp;&nbsp;&nbsp;&nbsp;&nbsp;&nbsp;&nbsp;<strong> &nbsp; Chaque tableau devient un WOW! dans son ex\u00e9cution. Les couleurs et la lumi\u00e8re attirent l\u2019enfant en moi un peu comme lorsque mon p\u00e8re nous emmenait en balade dans les rues \u00e0 l\u2019approche de No\u00ebl. Le myst\u00e8re des couleurs&nbsp; et de la lumi\u00e8re \u00e9manant des maisons explique sans doute mon attrait pour le patrimoine b\u00e2ti. De plus, du fait que mon p\u00e8re &nbsp;dessinait les plans de nos maisons, j\u2019ai fait de m\u00eame.&nbsp; Je sais que j\u2019ai r\u00e9ussi quand je vois les visiteurs afficher les m\u00eames yeux d\u2019\u00e9merveillement devant mes tableaux avec vitrail. Ils font WOW! \u00e0 leur tour et je vois l\u2019enfant en eux. Cette nouvelle fa\u00e7on de mettre du vitra<\/strong>i<strong>l dans mes \u0153uvres en bas rel<\/strong>i<strong>ef m\u2019a d\u2019ailleurs valu de nombreuses reconnaissances (dont plusieurs Coups de C\u0153ur du Public) ainsi que faire partie de collections publiques et priv\u00e9es. Voir la r\u00e9action du public surpris et \u00e9merveill\u00e9 ajoute \u00e0 mon propre \u00e9merveillement de cr\u00e9er &nbsp;avec les textures, les couleurs et m\u2019empl<\/strong>i<strong>t d\u2019id\u00e9es pour cr\u00e9er d\u2019avantage.<\/strong><\/p>\n","protected":false},"excerpt":{"rendered":"<p>&nbsp;&nbsp;&nbsp;&nbsp;&nbsp;&nbsp;&nbsp;&nbsp;&nbsp;&nbsp;&nbsp;&nbsp;&nbsp;&nbsp;&nbsp;&nbsp;&nbsp;&nbsp;&nbsp;&nbsp;&nbsp;&nbsp;&nbsp;&nbsp;&nbsp;&nbsp;&nbsp;&nbsp;&nbsp;&nbsp;&nbsp;&nbsp;&nbsp;&nbsp;&nbsp;&nbsp;&nbsp;&nbsp;&nbsp;&nbsp;&nbsp; QUI SUIS-JE? ,&nbsp; MON HISTOIRE\u2026 &nbsp;&nbsp;&nbsp;&nbsp;&nbsp;&nbsp;&nbsp;&nbsp;&nbsp;&nbsp;&nbsp; Je faisais carri\u00e8re comme violoniste d\u2019orchestre lorsque des probl\u00e8mes de sant\u00e9 suivis d\u2019un accident de v\u00e9lo m\u2019ont forc\u00e9&nbsp;\u00e0 mettre mon violon sur la glace. D\u00e8s lors, je suis revenue \u00e0 mes premi\u00e8res amours. &nbsp;&nbsp;&nbsp;&nbsp;&nbsp;&nbsp;&nbsp;&nbsp;&nbsp;&nbsp;&nbsp; &nbsp;&nbsp;&nbsp;&nbsp;&nbsp;&nbsp;&nbsp;&nbsp;&nbsp;&nbsp;&nbsp;&nbsp; En effet, toute jeune, j\u2019avais une tante qui cohabitait avec une artiste peintre &hellip; <\/p>\n<p class=\"link-more\"><a href=\"https:\/\/joseetellier.com\/?page_id=224\" class=\"more-link\">Continuer la lecture<span class=\"screen-reader-text\"> de &laquo;&nbsp;Qui suis-je \/ Who I am&nbsp;&raquo;<\/span><\/a><\/p>\n","protected":false},"author":1,"featured_media":0,"parent":0,"menu_order":0,"comment_status":"closed","ping_status":"closed","template":"","meta":{"ngg_post_thumbnail":0,"footnotes":""},"_links":{"self":[{"href":"https:\/\/joseetellier.com\/index.php?rest_route=\/wp\/v2\/pages\/224"}],"collection":[{"href":"https:\/\/joseetellier.com\/index.php?rest_route=\/wp\/v2\/pages"}],"about":[{"href":"https:\/\/joseetellier.com\/index.php?rest_route=\/wp\/v2\/types\/page"}],"author":[{"embeddable":true,"href":"https:\/\/joseetellier.com\/index.php?rest_route=\/wp\/v2\/users\/1"}],"replies":[{"embeddable":true,"href":"https:\/\/joseetellier.com\/index.php?rest_route=%2Fwp%2Fv2%2Fcomments&post=224"}],"version-history":[{"count":5,"href":"https:\/\/joseetellier.com\/index.php?rest_route=\/wp\/v2\/pages\/224\/revisions"}],"predecessor-version":[{"id":1192,"href":"https:\/\/joseetellier.com\/index.php?rest_route=\/wp\/v2\/pages\/224\/revisions\/1192"}],"wp:attachment":[{"href":"https:\/\/joseetellier.com\/index.php?rest_route=%2Fwp%2Fv2%2Fmedia&parent=224"}],"curies":[{"name":"wp","href":"https:\/\/api.w.org\/{rel}","templated":true}]}}