{"id":237,"date":"2019-07-12T01:36:04","date_gmt":"2019-07-12T05:36:04","guid":{"rendered":"https:\/\/joseetellier.com\/?page_id=237"},"modified":"2019-07-18T03:25:34","modified_gmt":"2019-07-18T07:25:34","slug":"galeries-galleries","status":"publish","type":"page","link":"https:\/\/joseetellier.com\/?page_id=237","title":{"rendered":"Galeries \/ Galleries"},"content":{"rendered":"<p>&nbsp;<\/p>\n<p>&nbsp;<\/p>\n<p><strong>Galerie Balcon d&rsquo;Art<\/strong><\/p>\n<p><strong>650 Notre-Dame , <\/strong><strong>Saint-Lambert,&nbsp; Qu\u00e9bec,&nbsp; J4P 2L1<\/strong><br \/>\n<strong>T\u00e9l: 450 466-8920<\/strong><\/p>\n<p><strong>&nbsp;<\/strong><\/p>\n<p><strong>&nbsp;<\/strong><strong>Galerie Guylaine Fournier&nbsp;&nbsp;&nbsp;<\/strong><\/p>\n<p><strong>104-2 rue Saint-Jean-Baptiste,&nbsp; Baie-Saint-Paul,&nbsp; Qu\u00e9bec, CANADA &nbsp;&nbsp; <\/strong><strong>G3Z 1M6&nbsp; T\u00e9l\u00e9phone: 418-633-1303&nbsp;<\/strong><\/p>\n<p>&nbsp;<\/p>\n<p><img loading=\"lazy\" decoding=\"async\" class=\"alignnone size-full wp-image-6 aligncenter\" src=\"https:\/\/joseetellier.com\/wp-content\/uploads\/2019\/06\/jt-image-e1561870272983.jpg\" alt=\"\" width=\"53\" height=\"100\"><\/p>\n<p>&nbsp;<\/p>\n","protected":false},"excerpt":{"rendered":"<p>&nbsp; &nbsp; Galerie Balcon d&rsquo;Art 650 Notre-Dame , Saint-Lambert,&nbsp; Qu\u00e9bec,&nbsp; J4P 2L1 T\u00e9l: 450 466-8920 &nbsp; &nbsp;Galerie Guylaine Fournier&nbsp;&nbsp;&nbsp; 104-2 rue Saint-Jean-Baptiste,&nbsp; Baie-Saint-Paul,&nbsp; Qu\u00e9bec, CANADA &nbsp;&nbsp; G3Z 1M6&nbsp; T\u00e9l\u00e9phone: 418-633-1303&nbsp; &nbsp; &nbsp;<\/p>\n","protected":false},"author":1,"featured_media":0,"parent":0,"menu_order":0,"comment_status":"closed","ping_status":"closed","template":"","meta":{"ngg_post_thumbnail":0,"footnotes":""},"_links":{"self":[{"href":"https:\/\/joseetellier.com\/index.php?rest_route=\/wp\/v2\/pages\/237"}],"collection":[{"href":"https:\/\/joseetellier.com\/index.php?rest_route=\/wp\/v2\/pages"}],"about":[{"href":"https:\/\/joseetellier.com\/index.php?rest_route=\/wp\/v2\/types\/page"}],"author":[{"embeddable":true,"href":"https:\/\/joseetellier.com\/index.php?rest_route=\/wp\/v2\/users\/1"}],"replies":[{"embeddable":true,"href":"https:\/\/joseetellier.com\/index.php?rest_route=%2Fwp%2Fv2%2Fcomments&post=237"}],"version-history":[{"count":2,"href":"https:\/\/joseetellier.com\/index.php?rest_route=\/wp\/v2\/pages\/237\/revisions"}],"predecessor-version":[{"id":382,"href":"https:\/\/joseetellier.com\/index.php?rest_route=\/wp\/v2\/pages\/237\/revisions\/382"}],"wp:attachment":[{"href":"https:\/\/joseetellier.com\/index.php?rest_route=%2Fwp%2Fv2%2Fmedia&parent=237"}],"curies":[{"name":"wp","href":"https:\/\/api.w.org\/{rel}","templated":true}]}}