{"id":392,"date":"2019-07-18T17:21:13","date_gmt":"2019-07-18T21:21:13","guid":{"rendered":"https:\/\/joseetellier.com\/?page_id=392"},"modified":"2026-03-25T18:28:23","modified_gmt":"2026-03-25T22:28:23","slug":"a-venir","status":"publish","type":"page","link":"https:\/\/joseetellier.com\/?page_id=392","title":{"rendered":"\u00c0 venir \/ To come"},"content":{"rendered":"<p style=\"text-align: center;\">&nbsp; <strong>\u00c9v\u00e8nements \u00e0 venir \/<span style=\"color: #00ffff;\"> Events to come<\/span><\/strong><\/p>\n<p style=\"text-align: center;\"><strong>EXPOSITIONS 2026\/<span style=\"color: #00ffff;\">2026 EXHIBITIONS<\/span><\/strong><\/p>\n<p style=\"text-align: center;\"><strong>***<\/strong><\/p>\n<p style=\"text-align: center;\"><strong>SIAC MARSEILLE 2026 sous la banni\u00e8re MONDIAL ART ACADEMIA&nbsp;<\/strong><\/p>\n<p style=\"text-align: center;\"><span style=\"color: #ff0000;\">confirm\u00e9<\/span><\/p>\n<p style=\"text-align: center;\"><strong>***<\/strong><\/p>\n<p style=\"text-align: center;\"><strong>Institut des Arts Figuratifs, IAF- 40 temps d&rsquo;\u00c9volution<\/strong><\/p>\n<p style=\"text-align: center;\"><strong>\u00e0 la galerie Le Balcon d&rsquo;Art, 650 rue Notre-Dame, St-Lambert<\/strong><\/p>\n<p style=\"text-align: center;\"><strong>13 au 23 juin, vernissage 13 juin 13h<\/strong><\/p>\n<p style=\"text-align: center;\">***<\/p>\n<p style=\"text-align: center;\"><strong>&nbsp;Couleurs Urbaines de Granby&nbsp;<span style=\"color: #ff0000;\">confirm\u00e9<\/span><\/strong><\/p>\n<p style=\"text-align: center;\"><strong>au Parc Miner<\/strong><\/p>\n<p style=\"text-align: center;\"><strong>31 juillet, 1er et 2 ao\u00fbt<\/strong><\/p>\n<p style=\"text-align: center;\"><strong>***<\/strong><\/p>\n<p style=\"text-align: center;\"><strong>Rendez-vous des Peintres de Ste-Flore (Shawinigan) <span style=\"color: #ff0000;\">confirm\u00e9<\/span><\/strong><\/p>\n<p style=\"text-align: center;\"><strong>7 au 9 ao\u00fbt au coeur du village<\/strong><\/p>\n<p style=\"text-align: center;\"><strong>***<\/strong><\/p>\n<p style=\"text-align: center;\"><strong>Institut des Arts Figuratifs, IAF- 40 temps d&rsquo;\u00c9volution<\/strong><\/p>\n<p style=\"text-align: center;\"><strong>Carrefour culturel Paul-M\u00e9d\u00e9ric de Baie St-Paul<\/strong><\/p>\n<p style=\"text-align: center;\"><strong>18 septembre au&nbsp; 8 novembre, vernissage samedi 19 septembre 14h<\/strong><\/p>\n<p style=\"text-align: center;\">&nbsp;<\/p>\n<p style=\"text-align: center;\">&nbsp;<\/p>\n<p style=\"text-align: center;\">&nbsp;<\/p>\n<p style=\"text-align: center;\">&nbsp;<\/p>\n<p>&nbsp;<\/p>\n<p>&nbsp;<\/p>\n<p><strong> &nbsp; &nbsp; &nbsp;<br \/>\n<\/strong><\/p>\n","protected":false},"excerpt":{"rendered":"<p>&nbsp; \u00c9v\u00e8nements \u00e0 venir \/ Events to come EXPOSITIONS 2026\/2026 EXHIBITIONS *** SIAC MARSEILLE 2026 sous la banni\u00e8re MONDIAL ART ACADEMIA&nbsp; confirm\u00e9 *** Institut des Arts Figuratifs, IAF- 40 temps d&rsquo;\u00c9volution \u00e0 la galerie Le Balcon d&rsquo;Art, 650 rue Notre-Dame, St-Lambert 13 au 23 juin, vernissage 13 juin 13h *** &nbsp;Couleurs Urbaines de Granby&nbsp;confirm\u00e9 au &hellip; <\/p>\n<p class=\"link-more\"><a href=\"https:\/\/joseetellier.com\/?page_id=392\" class=\"more-link\">Continuer la lecture<span class=\"screen-reader-text\"> de &laquo;&nbsp;\u00c0 venir \/ To come&nbsp;&raquo;<\/span><\/a><\/p>\n","protected":false},"author":1,"featured_media":0,"parent":0,"menu_order":0,"comment_status":"closed","ping_status":"closed","template":"","meta":{"ngg_post_thumbnail":0,"footnotes":""},"_links":{"self":[{"href":"https:\/\/joseetellier.com\/index.php?rest_route=\/wp\/v2\/pages\/392"}],"collection":[{"href":"https:\/\/joseetellier.com\/index.php?rest_route=\/wp\/v2\/pages"}],"about":[{"href":"https:\/\/joseetellier.com\/index.php?rest_route=\/wp\/v2\/types\/page"}],"author":[{"embeddable":true,"href":"https:\/\/joseetellier.com\/index.php?rest_route=\/wp\/v2\/users\/1"}],"replies":[{"embeddable":true,"href":"https:\/\/joseetellier.com\/index.php?rest_route=%2Fwp%2Fv2%2Fcomments&post=392"}],"version-history":[{"count":44,"href":"https:\/\/joseetellier.com\/index.php?rest_route=\/wp\/v2\/pages\/392\/revisions"}],"predecessor-version":[{"id":1282,"href":"https:\/\/joseetellier.com\/index.php?rest_route=\/wp\/v2\/pages\/392\/revisions\/1282"}],"wp:attachment":[{"href":"https:\/\/joseetellier.com\/index.php?rest_route=%2Fwp%2Fv2%2Fmedia&parent=392"}],"curies":[{"name":"wp","href":"https:\/\/api.w.org\/{rel}","templated":true}]}}